{"id":5460,"date":"2021-04-19T13:49:12","date_gmt":"2021-04-19T13:49:12","guid":{"rendered":"https:\/\/unaprolfranceolive.eu\/home\/"},"modified":"2025-12-18T14:27:05","modified_gmt":"2025-12-18T14:27:05","slug":"home","status":"publish","type":"page","link":"https:\/\/unaprolfranceolive.eu\/de\/","title":{"rendered":"Home"},"content":{"rendered":"<div class=\"fusion-fullwidth fullwidth-box fusion-builder-row-1 fusion-flex-container has-pattern-background has-mask-background fusion-parallax-none hundred-percent-fullwidth non-hundred-percent-height-scrolling lazyload\" style=\"--link_hover_color: var(--awb-color5);--link_color: var(--awb-color5);--awb-background-repeat:repeat;--awb-border-color:var(--awb-color1);--awb-border-radius-top-left:0px;--awb-border-radius-top-right:0px;--awb-border-radius-bottom-right:0px;--awb-border-radius-bottom-left:0px;--awb-padding-top:0px;--awb-padding-bottom:0px;--awb-padding-top-small:70px;--awb-padding-right-small:40px;--awb-padding-bottom-small:70px;--awb-padding-left-small:40px;--awb-margin-top:0px;--awb-margin-bottom:0px;--awb-margin-bottom-medium:0px;--awb-margin-bottom-small:0px;--awb-background-color:var(--awb-color1);--awb-background-image:linear-gradient(152deg, var(--awb-color8) 0%,hsla(var(--awb-color8-h),var(--awb-color8-s),var(--awb-color8-l),calc( var(--awb-color8-a) - 85% )) 70%);;--awb-flex-wrap:wrap;\" data-bg=\"https:\/\/unaprolfranceolive.eu\/wp-content\/uploads\/2024\/12\/legno-olivo.jpg\" data-bg-gradient=\"linear-gradient(152deg, var(--awb-color8) 0%,hsla(var(--awb-color8-h),var(--awb-color8-s),var(--awb-color8-l),calc( var(--awb-color8-a) - 85% )) 70%)\" ><div class=\"fusion-builder-row fusion-row fusion-flex-align-items-center fusion-flex-content-wrap\" style=\"width:104% !important;max-width:104% !important;margin-left: calc(-4% \/ 2 );margin-right: calc(-4% \/ 2 );\"><div class=\"fusion-layout-column fusion_builder_column fusion-builder-column-0 fusion_builder_column_1_1 1_1 fusion-flex-column fusion-flex-align-self-flex-start fusion-animated\" style=\"--awb-padding-bottom-medium:0px;--awb-bg-size:cover;--awb-width-large:100%;--awb-margin-top-large:56px;--awb-spacing-right-large:0%;--awb-margin-bottom-large:85px;--awb-spacing-left-large:0%;--awb-width-medium:100%;--awb-order-medium:0;--awb-spacing-right-medium:0%;--awb-spacing-left-medium:0%;--awb-width-small:100%;--awb-order-small:0;--awb-spacing-right-small:0%;--awb-spacing-left-small:0%;\" data-animationType=\"fadeInUp\" data-animationDuration=\"1.3\" data-animationOffset=\"top-into-view\"><div class=\"fusion-column-wrapper fusion-column-has-shadow fusion-flex-justify-content-flex-start fusion-content-layout-column\"><div class=\"fusion-text fusion-text-1 fusion-text-no-margin\" style=\"--awb-content-alignment:center;--awb-font-size:20px;--awb-line-height:28px;--awb-letter-spacing:2px;--awb-text-color:#e5edd0;--awb-margin-right:3%;--awb-margin-left:3%;--awb-text-font-family:&quot;Roboto&quot;;--awb-text-font-style:normal;--awb-text-font-weight:400;\"><p>Unaprol (Italienisches Oliven\u00f6lkonsortium) und France Olive (Franz\u00f6sische interprofessionelle Vereinigung f\u00fcr Oliven) sind zwei Organisationen, die den Produktions- und Handelssektor des europ\u00e4ischen extra nativen Oliven\u00f6ls vertreten.<\/p>\n<p>Im Rahmen eines von der Europ\u00e4ischen Union unterst\u00fctzten Programms haben Unaprol und France Olive eine gemeinsame Kommunikationskampagne ins Leben gerufen. Das Ziel der Initiative ist es, die Verwendung von hochwertigem extra nativem Oliven\u00f6l in der K\u00fcche zu f\u00f6rdern und sowohl Gastronomiefachleute als auch Verbraucher f\u00fcr die Qualit\u00e4tsstandards der EU sowie die besonderen Eigenschaften von Produkten mit den Siegeln g.g.A. (gesch\u00fctzte geografische Angabe) und g.U. (gesch\u00fctzte Ursprungsbezeichnung) zu sensibilisieren.<\/p>\n<p>Unser Anliegen ist es, durch eine fundierte und zielgerichtete Kommunikation Fachleute der Gastronomie und Akteure der Gastronomieszene zu informieren und so das Verst\u00e4ndnis f\u00fcr diese wertvolle Ressource zu f\u00f6rdern. Zugleich m\u00f6chten wir dazu einladen, die unterschiedlichen Geschmacksrichtungen und Aromen von Oliven\u00f6len sowie ihre vielseitigen Einsatzm\u00f6glichkeiten und Kombinationen in der K\u00fcche zu entdecken.<\/p>\n<p>Unaprol und France Olive setzen sich daf\u00fcr ein, die Wettbewerbsf\u00e4higkeit von Oliven\u00f6lprodukten zu st\u00e4rken, insbesondere durch die Betonung ihrer Verbindung zur Herkunftsregion, ihrer kulturellen Bedeutung und ihres Umweltwertes. Diese Aspekte tragen dazu bei, das Bewusstsein der Verbraucher f\u00fcr die Vorteile des gew\u00e4hlten Produkts zu erh\u00f6hen, insbesondere hinsichtlich der Herkunft, der R\u00fcckverfolgbarkeit und der Nachhaltigkeit sowie ihrer anerkannten ern\u00e4hrungsphysiologischen Eigenschaften.<\/p>\n<p>Als besondere Aufmerksamkeit senden wir Ihnen zwei Rezeptb\u00fccher, die von Unaprol und France Olive erstellt wurden. Diese bieten kreative Inspirationen f\u00fcr den Einsatz von extra nativen Oliven\u00f6len in der K\u00fcche.<\/p>\n<\/div><div class=\"fusion-builder-row fusion-builder-row-inner fusion-row fusion-flex-align-items-center fusion-flex-content-wrap\" style=\"width:104% !important;max-width:104% !important;margin-left: calc(-4% \/ 2 );margin-right: calc(-4% \/ 2 );\"><div class=\"fusion-layout-column fusion_builder_column_inner fusion-builder-nested-column-0 fusion_builder_column_inner_1_5 1_5 fusion-flex-column\" style=\"--awb-bg-size:cover;--awb-width-large:20%;--awb-margin-top-large:0px;--awb-spacing-right-large:9.6%;--awb-margin-bottom-large:20px;--awb-spacing-left-large:9.6%;--awb-width-medium:100%;--awb-order-medium:0;--awb-spacing-right-medium:1.92%;--awb-spacing-left-medium:1.92%;--awb-width-small:100%;--awb-order-small:0;--awb-spacing-right-small:1.92%;--awb-spacing-left-small:1.92%;\"><div class=\"fusion-column-wrapper fusion-column-has-shadow fusion-flex-justify-content-flex-start fusion-content-layout-column\"><\/div><\/div><div class=\"fusion-layout-column fusion_builder_column_inner fusion-builder-nested-column-1 fusion_builder_column_inner_1_5 1_5 fusion-flex-column fusion-flex-align-self-flex-start\" style=\"--awb-bg-size:cover;--awb-width-large:20%;--awb-margin-top-large:30px;--awb-spacing-right-large:9.6%;--awb-margin-bottom-large:20px;--awb-spacing-left-large:9.6%;--awb-width-medium:100%;--awb-order-medium:0;--awb-spacing-right-medium:1.92%;--awb-spacing-left-medium:1.92%;--awb-width-small:100%;--awb-order-small:0;--awb-spacing-right-small:1.92%;--awb-spacing-left-small:1.92%;\" data-scroll-devices=\"small-visibility,medium-visibility,large-visibility\"><div class=\"fusion-column-wrapper fusion-column-has-shadow fusion-flex-justify-content-flex-start fusion-content-layout-column\"><div class=\"fusion-image-element \" style=\"text-align:center;--awb-margin-bottom:20px;--awb-caption-title-font-family:var(--h2_typography-font-family);--awb-caption-title-font-weight:var(--h2_typography-font-weight);--awb-caption-title-font-style:var(--h2_typography-font-style);--awb-caption-title-size:var(--h2_typography-font-size);--awb-caption-title-transform:var(--h2_typography-text-transform);--awb-caption-title-line-height:var(--h2_typography-line-height);--awb-caption-title-letter-spacing:var(--h2_typography-letter-spacing);\"><span class=\" fusion-imageframe imageframe-dropshadow imageframe-1 hover-type-zoomin\" style=\"-webkit-box-shadow: 3px 3px 7px var(--awb-color8);box-shadow: 3px 3px 7px var(--awb-color8);\"><img decoding=\"async\" width=\"1760\" height=\"2560\" title=\"2025 copertina RICETTARIO OLIO 165X240 tedesco\" src=\"data:image\/svg+xml,%3Csvg%20xmlns%3D%27http%3A%2F%2Fwww.w3.org%2F2000%2Fsvg%27%20width%3D%271760%27%20height%3D%272560%27%20viewBox%3D%270%200%201760%202560%27%3E%3Crect%20width%3D%271760%27%20height%3D%272560%27%20fill-opacity%3D%220%22%2F%3E%3C%2Fsvg%3E\" data-orig-src=\"https:\/\/unaprolfranceolive.eu\/wp-content\/uploads\/2025\/12\/2025-IMPAGINATO-RICETTARIO-OLIO-165X240-tedesco-scaled.jpg\" alt class=\"lazyload img-responsive wp-image-5636\"\/><\/span><\/div><div style=\"text-align:center;\"><a class=\"fusion-button button-flat fusion-button-default-size button-default fusion-button-default button-1 fusion-button-default-span fusion-button-default-type\" target=\"_blank\" rel=\"noopener noreferrer\" href=\"https:\/\/unaprolfranceolive.eu\/wp-content\/uploads\/2025\/12\/2025-IMPAGINATO-RICETTARIO-OLIO-165X240-tedesco-nuovo.pdf\"><span class=\"fusion-button-text\">Download Unaprol-Rezeptbuch 2024\/2025<\/span><\/a><\/div><\/div><\/div><div class=\"fusion-layout-column fusion_builder_column_inner fusion-builder-nested-column-2 fusion_builder_column_inner_1_5 1_5 fusion-flex-column\" style=\"--awb-bg-size:cover;--awb-width-large:20%;--awb-margin-top-large:0px;--awb-spacing-right-large:9.6%;--awb-margin-bottom-large:20px;--awb-spacing-left-large:9.6%;--awb-width-medium:100%;--awb-order-medium:0;--awb-spacing-right-medium:1.92%;--awb-spacing-left-medium:1.92%;--awb-width-small:100%;--awb-order-small:0;--awb-spacing-right-small:1.92%;--awb-spacing-left-small:1.92%;\"><div class=\"fusion-column-wrapper fusion-column-has-shadow fusion-flex-justify-content-flex-start fusion-content-layout-column\"><\/div><\/div><div class=\"fusion-layout-column fusion_builder_column_inner fusion-builder-nested-column-3 fusion_builder_column_inner_1_5 1_5 fusion-flex-column fusion-flex-align-self-flex-start\" style=\"--awb-bg-size:cover;--awb-width-large:20%;--awb-margin-top-large:20px;--awb-spacing-right-large:9.6%;--awb-margin-bottom-large:20px;--awb-spacing-left-large:9.6%;--awb-width-medium:100%;--awb-order-medium:0;--awb-spacing-right-medium:1.92%;--awb-spacing-left-medium:1.92%;--awb-width-small:100%;--awb-order-small:0;--awb-spacing-right-small:1.92%;--awb-spacing-left-small:1.92%;\" data-scroll-devices=\"small-visibility,medium-visibility,large-visibility\"><div class=\"fusion-column-wrapper fusion-column-has-shadow fusion-flex-justify-content-flex-start fusion-content-layout-column\"><div class=\"fusion-image-element \" style=\"text-align:center;--awb-margin-bottom:20px;--awb-caption-title-font-family:var(--h2_typography-font-family);--awb-caption-title-font-weight:var(--h2_typography-font-weight);--awb-caption-title-font-style:var(--h2_typography-font-style);--awb-caption-title-size:var(--h2_typography-font-size);--awb-caption-title-transform:var(--h2_typography-text-transform);--awb-caption-title-line-height:var(--h2_typography-line-height);--awb-caption-title-letter-spacing:var(--h2_typography-letter-spacing);\"><span class=\" fusion-imageframe imageframe-dropshadow imageframe-2 hover-type-zoomin\" style=\"-webkit-box-shadow: 3px 3px 7px var(--awb-color8);box-shadow: 3px 3px 7px var(--awb-color8);\"><img decoding=\"async\" width=\"1191\" height=\"840\" title=\"2025-PromoUE-Livret recettes DE_Pagina_01\" src=\"data:image\/svg+xml,%3Csvg%20xmlns%3D%27http%3A%2F%2Fwww.w3.org%2F2000%2Fsvg%27%20width%3D%271191%27%20height%3D%27840%27%20viewBox%3D%270%200%201191%20840%27%3E%3Crect%20width%3D%271191%27%20height%3D%27840%27%20fill-opacity%3D%220%22%2F%3E%3C%2Fsvg%3E\" data-orig-src=\"https:\/\/unaprolfranceolive.eu\/wp-content\/uploads\/2025\/12\/2025-PromoUE-Livret-recettes-DE_Pagina_01.jpg\" alt class=\"lazyload img-responsive wp-image-5663\"\/><\/span><\/div><div style=\"text-align:center;\"><a class=\"fusion-button button-flat fusion-button-default-size button-default fusion-button-default button-2 fusion-button-default-span fusion-button-default-type\" style=\"--button_margin-bottom:30PX;\" target=\"_blank\" rel=\"noopener noreferrer\" href=\"https:\/\/unaprolfranceolive.eu\/wp-content\/uploads\/2025\/12\/2025-PromoUE-Livret-recettes-DE.pdf\"><span class=\"fusion-button-text\">Download FranceOlive Production-Rezeptbuch 2025<\/span><\/a><\/div><div class=\"fusion-image-element \" style=\"text-align:center;--awb-margin-bottom:20px;--awb-caption-title-font-family:var(--h2_typography-font-family);--awb-caption-title-font-weight:var(--h2_typography-font-weight);--awb-caption-title-font-style:var(--h2_typography-font-style);--awb-caption-title-size:var(--h2_typography-font-size);--awb-caption-title-transform:var(--h2_typography-text-transform);--awb-caption-title-line-height:var(--h2_typography-line-height);--awb-caption-title-letter-spacing:var(--h2_typography-letter-spacing);\"><span class=\" fusion-imageframe imageframe-dropshadow imageframe-3 hover-type-zoomin\" style=\"-webkit-box-shadow: 3px 3px 7px var(--awb-color8);box-shadow: 3px 3px 7px var(--awb-color8);\"><img decoding=\"async\" width=\"595\" height=\"420\" title=\"2024-PromoUE-Livret recettes De_Pagina_01\" src=\"data:image\/svg+xml,%3Csvg%20xmlns%3D%27http%3A%2F%2Fwww.w3.org%2F2000%2Fsvg%27%20width%3D%27595%27%20height%3D%27420%27%20viewBox%3D%270%200%20595%20420%27%3E%3Crect%20width%3D%27595%27%20height%3D%27420%27%20fill-opacity%3D%220%22%2F%3E%3C%2Fsvg%3E\" data-orig-src=\"https:\/\/unaprolfranceolive.eu\/wp-content\/uploads\/2024\/12\/copertina-RICETTARIO-tedesco-france-olive.jpg\" alt class=\"lazyload img-responsive wp-image-5382\"\/><\/span><\/div><div style=\"text-align:center;\"><a class=\"fusion-button button-flat fusion-button-default-size button-default fusion-button-default button-3 fusion-button-default-span fusion-button-default-type\" target=\"_blank\" rel=\"noopener noreferrer\" href=\"https:\/\/unaprolfranceolive.eu\/wp-content\/uploads\/2025\/12\/2025-PromoUE-Livret-recettes-DE-nuovo.pdf\"><span class=\"fusion-button-text\">Download FranceOlive Production-Rezeptbuch 2024<\/span><\/a><\/div><\/div><\/div><div class=\"fusion-layout-column fusion_builder_column_inner fusion-builder-nested-column-4 fusion_builder_column_inner_1_5 1_5 fusion-flex-column\" style=\"--awb-bg-size:cover;--awb-width-large:20%;--awb-margin-top-large:0px;--awb-spacing-right-large:9.6%;--awb-margin-bottom-large:20px;--awb-spacing-left-large:9.6%;--awb-width-medium:100%;--awb-order-medium:0;--awb-spacing-right-medium:1.92%;--awb-spacing-left-medium:1.92%;--awb-width-small:100%;--awb-order-small:0;--awb-spacing-right-small:1.92%;--awb-spacing-left-small:1.92%;\"><div class=\"fusion-column-wrapper fusion-column-has-shadow fusion-flex-justify-content-flex-start fusion-content-layout-column\"><\/div><\/div><\/div><\/div><\/div><\/div><\/div>\n","protected":false},"excerpt":{"rendered":"","protected":false},"author":1,"featured_media":0,"parent":0,"menu_order":0,"comment_status":"closed","ping_status":"closed","template":"100-width.php","meta":{"footnotes":""},"class_list":["post-5460","page","type-page","status-publish","hentry"],"_links":{"self":[{"href":"https:\/\/unaprolfranceolive.eu\/de\/wp-json\/wp\/v2\/pages\/5460","targetHints":{"allow":["GET"]}}],"collection":[{"href":"https:\/\/unaprolfranceolive.eu\/de\/wp-json\/wp\/v2\/pages"}],"about":[{"href":"https:\/\/unaprolfranceolive.eu\/de\/wp-json\/wp\/v2\/types\/page"}],"author":[{"embeddable":true,"href":"https:\/\/unaprolfranceolive.eu\/de\/wp-json\/wp\/v2\/users\/1"}],"replies":[{"embeddable":true,"href":"https:\/\/unaprolfranceolive.eu\/de\/wp-json\/wp\/v2\/comments?post=5460"}],"version-history":[{"count":16,"href":"https:\/\/unaprolfranceolive.eu\/de\/wp-json\/wp\/v2\/pages\/5460\/revisions"}],"predecessor-version":[{"id":5667,"href":"https:\/\/unaprolfranceolive.eu\/de\/wp-json\/wp\/v2\/pages\/5460\/revisions\/5667"}],"wp:attachment":[{"href":"https:\/\/unaprolfranceolive.eu\/de\/wp-json\/wp\/v2\/media?parent=5460"}],"curies":[{"name":"wp","href":"https:\/\/api.w.org\/{rel}","templated":true}]}}