{"id":5454,"date":"2021-04-19T13:49:12","date_gmt":"2021-04-19T13:49:12","guid":{"rendered":"https:\/\/unaprolfranceolive.eu\/home\/"},"modified":"2025-12-22T13:52:33","modified_gmt":"2025-12-22T13:52:33","slug":"home","status":"publish","type":"page","link":"https:\/\/unaprolfranceolive.eu\/fr\/","title":{"rendered":"Home"},"content":{"rendered":"<div class=\"fusion-fullwidth fullwidth-box fusion-builder-row-1 fusion-flex-container has-pattern-background has-mask-background fusion-parallax-none hundred-percent-fullwidth non-hundred-percent-height-scrolling lazyload\" style=\"--link_hover_color: var(--awb-color5);--link_color: var(--awb-color5);--awb-background-repeat:repeat;--awb-border-color:var(--awb-color1);--awb-border-radius-top-left:0px;--awb-border-radius-top-right:0px;--awb-border-radius-bottom-right:0px;--awb-border-radius-bottom-left:0px;--awb-padding-top:0px;--awb-padding-bottom:0px;--awb-padding-top-small:70px;--awb-padding-right-small:40px;--awb-padding-bottom-small:70px;--awb-padding-left-small:40px;--awb-margin-top:0px;--awb-margin-bottom:0px;--awb-margin-bottom-medium:0px;--awb-margin-bottom-small:0px;--awb-background-color:var(--awb-color1);--awb-background-image:linear-gradient(152deg, var(--awb-color8) 0%,hsla(var(--awb-color8-h),var(--awb-color8-s),var(--awb-color8-l),calc( var(--awb-color8-a) - 85% )) 70%);;--awb-flex-wrap:wrap;\" data-bg=\"https:\/\/unaprolfranceolive.eu\/wp-content\/uploads\/2024\/12\/legno-olivo.jpg\" data-bg-gradient=\"linear-gradient(152deg, var(--awb-color8) 0%,hsla(var(--awb-color8-h),var(--awb-color8-s),var(--awb-color8-l),calc( var(--awb-color8-a) - 85% )) 70%)\" ><div class=\"fusion-builder-row fusion-row fusion-flex-align-items-center fusion-flex-content-wrap\" style=\"width:104% !important;max-width:104% !important;margin-left: calc(-4% \/ 2 );margin-right: calc(-4% \/ 2 );\"><div class=\"fusion-layout-column fusion_builder_column fusion-builder-column-0 fusion_builder_column_1_1 1_1 fusion-flex-column fusion-flex-align-self-flex-start fusion-animated\" style=\"--awb-padding-bottom-medium:0px;--awb-bg-size:cover;--awb-width-large:100%;--awb-margin-top-large:56px;--awb-spacing-right-large:0%;--awb-margin-bottom-large:85px;--awb-spacing-left-large:0%;--awb-width-medium:100%;--awb-order-medium:0;--awb-spacing-right-medium:0%;--awb-spacing-left-medium:0%;--awb-width-small:100%;--awb-order-small:0;--awb-spacing-right-small:0%;--awb-spacing-left-small:0%;\" data-animationType=\"fadeInUp\" data-animationDuration=\"1.3\" data-animationOffset=\"top-into-view\"><div class=\"fusion-column-wrapper fusion-column-has-shadow fusion-flex-justify-content-flex-start fusion-content-layout-column\"><div class=\"fusion-text fusion-text-1 fusion-text-no-margin\" style=\"--awb-content-alignment:center;--awb-font-size:20px;--awb-line-height:28px;--awb-letter-spacing:2px;--awb-text-color:#e5edd0;--awb-margin-right:3%;--awb-margin-left:3%;--awb-text-font-family:&quot;Roboto&quot;;--awb-text-font-style:normal;--awb-text-font-weight:400;\"><p>Unaprol (Consortium Ol\u00e9icole Italien) et France Olive (France Olive, Association Fran\u00e7aise Interprofessionnelle de l\u2019Olive), sont deux organisations qui repr\u00e9sentent le secteur productif et commercial de l\u2019huile d\u2019olive extra vierge europ\u00e9enne.<\/p>\n<p>\u00c0 travers un programme soutenu par l&rsquo;Union Europ\u00e9enne, Unaprol et France Olive ont lanc\u00e9 une campagne de communication conjointe sur l&rsquo;utilisation en cuisine de l&rsquo;huile d&rsquo;olive extra vierge \u00e0 indication g\u00e9ographique prot\u00e9g\u00e9e. Le but est de sensibiliser les clients de la restauration \u00e0 une meilleure connaissance des r\u00e9gimes de qualit\u00e9 de l&rsquo;Union europ\u00e9enne et des caract\u00e9ristiques des produits portant les labels DOP et IGP.<\/p>\n<p>L&rsquo;objectif\u00a0 est de perfectionner des choix conscients dans la consommation d&rsquo;huile d&rsquo;olive de qualit\u00e9\u00a0 et d\u2019offrir l&rsquo;opportunit\u00e9 de stimuler la d\u00e9couverte des diff\u00e9rentes saveurs et ar\u00f4mes du vaste univers des huiles d&rsquo;olive, ainsi que leurs possibles associations et utilisations en cuisine.<\/p>\n<p>\u00c0 travers une communication efficace et approfondie destin\u00e9e aux professionnels de la gastronomie et aux op\u00e9rateurs de la restauration, la mission est de rapprocher le public de cette pr\u00e9cieuse ressource alimentaire et de susciter l&rsquo;int\u00e9r\u00eat de nouveaux consommateurs.<\/p>\n<p>Unaprol et France Olive visent \u00e0 favoriser la comp\u00e9titivit\u00e9 des produits ol\u00e9icoles et ol\u00e9agineux, en valorisant particuli\u00e8rement leur lien avec le territoire et leur valeur environnementale.<\/p>\n<p>Ces aspects culturels encouragent la sensibilisation des consommateurs sur la valeur du produit choisi et les garanties offertes en termes d&rsquo;origine, de tra\u00e7abilit\u00e9 et de durabilit\u00e9, sans oublier leurs c\u00e9l\u00e8bres qualit\u00e9s nutritionnelles.<\/p>\n<p>En esp\u00e9rant que cela soit \u00e0 votre go\u00fbt, nous vous envoyons deux livrets de recettes \u00e9labor\u00e9s par Unaprol et France Olive, utiles pour valoriser de mani\u00e8re cr\u00e9ative l\u2019utilisation de l\u2019huile d\u2019olive vierge extra en cuisine.<\/p>\n<\/div><div class=\"fusion-builder-row fusion-builder-row-inner fusion-row fusion-flex-align-items-center fusion-flex-content-wrap\" style=\"width:104% !important;max-width:104% !important;margin-left: calc(-4% \/ 2 );margin-right: calc(-4% \/ 2 );\"><div class=\"fusion-layout-column fusion_builder_column_inner fusion-builder-nested-column-0 fusion_builder_column_inner_1_5 1_5 fusion-flex-column\" style=\"--awb-bg-size:cover;--awb-width-large:20%;--awb-margin-top-large:0px;--awb-spacing-right-large:9.6%;--awb-margin-bottom-large:20px;--awb-spacing-left-large:9.6%;--awb-width-medium:100%;--awb-order-medium:0;--awb-spacing-right-medium:1.92%;--awb-spacing-left-medium:1.92%;--awb-width-small:100%;--awb-order-small:0;--awb-spacing-right-small:1.92%;--awb-spacing-left-small:1.92%;\"><div class=\"fusion-column-wrapper fusion-column-has-shadow fusion-flex-justify-content-flex-start fusion-content-layout-column\"><\/div><\/div><div class=\"fusion-layout-column fusion_builder_column_inner fusion-builder-nested-column-1 fusion_builder_column_inner_1_5 1_5 fusion-flex-column fusion-flex-align-self-flex-start\" style=\"--awb-bg-size:cover;--awb-width-large:20%;--awb-margin-top-large:30px;--awb-spacing-right-large:9.6%;--awb-margin-bottom-large:20px;--awb-spacing-left-large:9.6%;--awb-width-medium:100%;--awb-order-medium:0;--awb-spacing-right-medium:1.92%;--awb-spacing-left-medium:1.92%;--awb-width-small:100%;--awb-order-small:0;--awb-spacing-right-small:1.92%;--awb-spacing-left-small:1.92%;\"><div class=\"fusion-column-wrapper fusion-column-has-shadow fusion-flex-justify-content-flex-start fusion-content-layout-column\"><div class=\"fusion-image-element \" style=\"text-align:center;--awb-margin-bottom:20px;--awb-caption-title-font-family:var(--h2_typography-font-family);--awb-caption-title-font-weight:var(--h2_typography-font-weight);--awb-caption-title-font-style:var(--h2_typography-font-style);--awb-caption-title-size:var(--h2_typography-font-size);--awb-caption-title-transform:var(--h2_typography-text-transform);--awb-caption-title-line-height:var(--h2_typography-line-height);--awb-caption-title-letter-spacing:var(--h2_typography-letter-spacing);\"><span class=\" fusion-imageframe imageframe-dropshadow imageframe-1 hover-type-zoomin\" style=\"-webkit-box-shadow: 3px 3px 7px var(--awb-color8);box-shadow: 3px 3px 7px var(--awb-color8);\"><img decoding=\"async\" width=\"1760\" height=\"2560\" title=\"RICETTARIO-OLIO-165X240-francese-scaled.jpg\" src=\"data:image\/svg+xml,%3Csvg%20xmlns%3D%27http%3A%2F%2Fwww.w3.org%2F2000%2Fsvg%27%20width%3D%271760%27%20height%3D%272560%27%20viewBox%3D%270%200%201760%202560%27%3E%3Crect%20width%3D%271760%27%20height%3D%272560%27%20fill-opacity%3D%220%22%2F%3E%3C%2Fsvg%3E\" data-orig-src=\"https:\/\/unaprolfranceolive.eu\/wp-content\/uploads\/2025\/12\/2025-IMPAGINATO-RICETTARIO-OLIO-165X240-francese-scaled.jpg\" alt class=\"lazyload img-responsive wp-image-5632\"\/><\/span><\/div><div style=\"text-align:center;\"><a class=\"fusion-button button-flat fusion-button-default-size button-default fusion-button-default button-1 fusion-button-default-span fusion-button-default-type\" target=\"_blank\" rel=\"noopener noreferrer\" href=\"https:\/\/unaprolfranceolive.eu\/wp-content\/uploads\/2025\/12\/2025-IMPAGINATO-RICETTARIO-OLIO-165X240-francese-nuovo.pdf\"><span class=\"fusion-button-text\">T\u00e9l\u00e9charger le livre de recettes Unaprol 2024\/2025<\/span><\/a><\/div><\/div><\/div><div class=\"fusion-layout-column fusion_builder_column_inner fusion-builder-nested-column-2 fusion_builder_column_inner_1_5 1_5 fusion-flex-column\" style=\"--awb-bg-size:cover;--awb-width-large:20%;--awb-margin-top-large:0px;--awb-spacing-right-large:9.6%;--awb-margin-bottom-large:20px;--awb-spacing-left-large:9.6%;--awb-width-medium:100%;--awb-order-medium:0;--awb-spacing-right-medium:1.92%;--awb-spacing-left-medium:1.92%;--awb-width-small:100%;--awb-order-small:0;--awb-spacing-right-small:1.92%;--awb-spacing-left-small:1.92%;\"><div class=\"fusion-column-wrapper fusion-column-has-shadow fusion-flex-justify-content-flex-start fusion-content-layout-column\"><\/div><\/div><div class=\"fusion-layout-column fusion_builder_column_inner fusion-builder-nested-column-3 fusion_builder_column_inner_1_5 1_5 fusion-flex-column\" style=\"--awb-bg-size:cover;--awb-width-large:20%;--awb-margin-top-large:20px;--awb-spacing-right-large:9.6%;--awb-margin-bottom-large:20px;--awb-spacing-left-large:9.6%;--awb-width-medium:100%;--awb-order-medium:0;--awb-spacing-right-medium:1.92%;--awb-spacing-left-medium:1.92%;--awb-width-small:100%;--awb-order-small:0;--awb-spacing-right-small:1.92%;--awb-spacing-left-small:1.92%;\"><div class=\"fusion-column-wrapper fusion-column-has-shadow fusion-flex-justify-content-flex-start fusion-content-layout-column\"><div class=\"fusion-image-element \" style=\"text-align:center;--awb-margin-bottom:20px;--awb-caption-title-font-family:var(--h2_typography-font-family);--awb-caption-title-font-weight:var(--h2_typography-font-weight);--awb-caption-title-font-style:var(--h2_typography-font-style);--awb-caption-title-size:var(--h2_typography-font-size);--awb-caption-title-transform:var(--h2_typography-text-transform);--awb-caption-title-line-height:var(--h2_typography-line-height);--awb-caption-title-letter-spacing:var(--h2_typography-letter-spacing);\"><span class=\" fusion-imageframe imageframe-dropshadow imageframe-2 hover-type-zoomin\" style=\"-webkit-box-shadow: 3px 3px 7px var(--awb-color8);box-shadow: 3px 3px 7px var(--awb-color8);\"><img decoding=\"async\" width=\"1191\" height=\"840\" title=\"2025-PromoUE-Livret recettes VF_Pagina_01\" src=\"https:\/\/unaprolfranceolive.eu\/wp-content\/uploads\/2025\/12\/2025-PromoUE-Livret-recettes-VF_Pagina_01.jpg\" data-orig-src=\"https:\/\/unaprolfranceolive.eu\/wp-content\/uploads\/2025\/12\/2025-PromoUE-Livret-recettes-VF_Pagina_01.jpg\" alt class=\"lazyload img-responsive wp-image-5658\" srcset=\"data:image\/svg+xml,%3Csvg%20xmlns%3D%27http%3A%2F%2Fwww.w3.org%2F2000%2Fsvg%27%20width%3D%271191%27%20height%3D%27840%27%20viewBox%3D%270%200%201191%20840%27%3E%3Crect%20width%3D%271191%27%20height%3D%27840%27%20fill-opacity%3D%220%22%2F%3E%3C%2Fsvg%3E\" data-srcset=\"https:\/\/unaprolfranceolive.eu\/wp-content\/uploads\/2025\/12\/2025-PromoUE-Livret-recettes-VF_Pagina_01-200x141.jpg 200w, https:\/\/unaprolfranceolive.eu\/wp-content\/uploads\/2025\/12\/2025-PromoUE-Livret-recettes-VF_Pagina_01-400x282.jpg 400w, https:\/\/unaprolfranceolive.eu\/wp-content\/uploads\/2025\/12\/2025-PromoUE-Livret-recettes-VF_Pagina_01-600x423.jpg 600w, https:\/\/unaprolfranceolive.eu\/wp-content\/uploads\/2025\/12\/2025-PromoUE-Livret-recettes-VF_Pagina_01-800x564.jpg 800w, https:\/\/unaprolfranceolive.eu\/wp-content\/uploads\/2025\/12\/2025-PromoUE-Livret-recettes-VF_Pagina_01.jpg 1191w\" data-sizes=\"auto\" data-orig-sizes=\"(max-width: 1024px) 100vw, (max-width: 640px) 100vw, 200px\" \/><\/span><\/div><div style=\"text-align:center;\"><a class=\"fusion-button button-flat fusion-button-default-size button-default fusion-button-default button-2 fusion-button-default-span fusion-button-default-type\" style=\"--button_margin-bottom:30px;\" target=\"_blank\" rel=\"noopener noreferrer\" href=\"https:\/\/unaprolfranceolive.eu\/wp-content\/uploads\/2025\/12\/2025-PromoUE-Livret-recettes-VF.pdf \"><span class=\"fusion-button-text\">T\u00e9l\u00e9charger le livre de recettes 2025 FranceOlive Production FR<\/span><\/a><\/div><div class=\"fusion-image-element \" style=\"text-align:center;--awb-margin-bottom:20px;--awb-caption-title-font-family:var(--h2_typography-font-family);--awb-caption-title-font-weight:var(--h2_typography-font-weight);--awb-caption-title-font-style:var(--h2_typography-font-style);--awb-caption-title-size:var(--h2_typography-font-size);--awb-caption-title-transform:var(--h2_typography-text-transform);--awb-caption-title-line-height:var(--h2_typography-line-height);--awb-caption-title-letter-spacing:var(--h2_typography-letter-spacing);\"><span class=\" fusion-imageframe imageframe-dropshadow imageframe-3 hover-type-zoomin\" style=\"-webkit-box-shadow: 3px 3px 7px var(--awb-color8);box-shadow: 3px 3px 7px var(--awb-color8);\"><img decoding=\"async\" width=\"1191\" height=\"840\" title=\"2025-PromoUE-Livret recettes NL_Pagina_01\" src=\"https:\/\/unaprolfranceolive.eu\/wp-content\/uploads\/2025\/12\/2025-PromoUE-Livret-recettes-NL_Pagina_01-1.jpg\" data-orig-src=\"https:\/\/unaprolfranceolive.eu\/wp-content\/uploads\/2025\/12\/2025-PromoUE-Livret-recettes-NL_Pagina_01-1.jpg\" alt class=\"lazyload img-responsive wp-image-5674\" srcset=\"data:image\/svg+xml,%3Csvg%20xmlns%3D%27http%3A%2F%2Fwww.w3.org%2F2000%2Fsvg%27%20width%3D%271191%27%20height%3D%27840%27%20viewBox%3D%270%200%201191%20840%27%3E%3Crect%20width%3D%271191%27%20height%3D%27840%27%20fill-opacity%3D%220%22%2F%3E%3C%2Fsvg%3E\" data-srcset=\"https:\/\/unaprolfranceolive.eu\/wp-content\/uploads\/2025\/12\/2025-PromoUE-Livret-recettes-NL_Pagina_01-1-200x141.jpg 200w, https:\/\/unaprolfranceolive.eu\/wp-content\/uploads\/2025\/12\/2025-PromoUE-Livret-recettes-NL_Pagina_01-1-400x282.jpg 400w, https:\/\/unaprolfranceolive.eu\/wp-content\/uploads\/2025\/12\/2025-PromoUE-Livret-recettes-NL_Pagina_01-1-600x423.jpg 600w, https:\/\/unaprolfranceolive.eu\/wp-content\/uploads\/2025\/12\/2025-PromoUE-Livret-recettes-NL_Pagina_01-1-800x564.jpg 800w, https:\/\/unaprolfranceolive.eu\/wp-content\/uploads\/2025\/12\/2025-PromoUE-Livret-recettes-NL_Pagina_01-1.jpg 1191w\" data-sizes=\"auto\" data-orig-sizes=\"(max-width: 1024px) 100vw, (max-width: 640px) 100vw, 200px\" \/><\/span><\/div><div style=\"text-align:center;\"><a class=\"fusion-button button-flat fusion-button-default-size button-default fusion-button-default button-3 fusion-button-default-span fusion-button-default-type\" style=\"--button_margin-bottom:30px;\" target=\"_blank\" rel=\"noopener noreferrer\" href=\"https:\/\/unaprolfranceolive.eu\/wp-content\/uploads\/2025\/12\/2025-PromoUE-Livret-recettes-NL.pdf\"><span class=\"fusion-button-text\">Download het receptenboek 2025 FranceOlive Production NL<\/span><\/a><\/div><\/div><\/div><div class=\"fusion-layout-column fusion_builder_column_inner fusion-builder-nested-column-4 fusion_builder_column_inner_1_5 1_5 fusion-flex-column\" style=\"--awb-bg-size:cover;--awb-width-large:20%;--awb-margin-top-large:20px;--awb-spacing-right-large:9.6%;--awb-margin-bottom-large:20px;--awb-spacing-left-large:9.6%;--awb-width-medium:100%;--awb-order-medium:0;--awb-spacing-right-medium:1.92%;--awb-spacing-left-medium:1.92%;--awb-width-small:100%;--awb-order-small:0;--awb-spacing-right-small:1.92%;--awb-spacing-left-small:1.92%;\"><div class=\"fusion-column-wrapper fusion-column-has-shadow fusion-flex-justify-content-flex-start fusion-content-layout-column\"><div class=\"fusion-image-element \" style=\"text-align:center;--awb-margin-bottom:20px;--awb-caption-title-font-family:var(--h2_typography-font-family);--awb-caption-title-font-weight:var(--h2_typography-font-weight);--awb-caption-title-font-style:var(--h2_typography-font-style);--awb-caption-title-size:var(--h2_typography-font-size);--awb-caption-title-transform:var(--h2_typography-text-transform);--awb-caption-title-line-height:var(--h2_typography-line-height);--awb-caption-title-letter-spacing:var(--h2_typography-letter-spacing);\"><span class=\" fusion-imageframe imageframe-dropshadow imageframe-4 hover-type-zoomin\" style=\"-webkit-box-shadow: 3px 3px 7px var(--awb-color8);box-shadow: 3px 3px 7px var(--awb-color8);\"><img decoding=\"async\" width=\"595\" height=\"420\" title=\"2024-PromoUE-Livret recettes EN_Pagina_01\" src=\"data:image\/svg+xml,%3Csvg%20xmlns%3D%27http%3A%2F%2Fwww.w3.org%2F2000%2Fsvg%27%20width%3D%27595%27%20height%3D%27420%27%20viewBox%3D%270%200%20595%20420%27%3E%3Crect%20width%3D%27595%27%20height%3D%27420%27%20fill-opacity%3D%220%22%2F%3E%3C%2Fsvg%3E\" data-orig-src=\"https:\/\/unaprolfranceolive.eu\/wp-content\/uploads\/2024\/12\/copertina-RICETTARIO-francese-france-olive.jpg\" alt class=\"lazyload img-responsive wp-image-5457\"\/><\/span><\/div><div style=\"text-align:center;\"><a class=\"fusion-button button-flat fusion-button-default-size button-default fusion-button-default button-4 fusion-button-default-span fusion-button-default-type\" target=\"_blank\" rel=\"noopener noreferrer\" href=\"https:\/\/unaprolfranceolive.eu\/wp-content\/uploads\/2025\/12\/2025-PromoUE-Livret-recettes-VF-nuovo.pdf\"><span class=\"fusion-button-text\">T\u00e9l\u00e9charger le livre de recettes 2024 FranceOlive Production<\/span><\/a><\/div><\/div><\/div><div class=\"fusion-layout-column fusion_builder_column_inner fusion-builder-nested-column-5 fusion_builder_column_inner_1_5 1_5 fusion-flex-column\" style=\"--awb-bg-size:cover;--awb-width-large:20%;--awb-margin-top-large:0px;--awb-spacing-right-large:9.6%;--awb-margin-bottom-large:20px;--awb-spacing-left-large:9.6%;--awb-width-medium:100%;--awb-order-medium:0;--awb-spacing-right-medium:1.92%;--awb-spacing-left-medium:1.92%;--awb-width-small:100%;--awb-order-small:0;--awb-spacing-right-small:1.92%;--awb-spacing-left-small:1.92%;\"><div class=\"fusion-column-wrapper fusion-column-has-shadow fusion-flex-justify-content-flex-start fusion-content-layout-column\"><\/div><\/div><div class=\"fusion-layout-column fusion_builder_column_inner fusion-builder-nested-column-6 fusion_builder_column_inner_1_5 1_5 fusion-flex-column\" style=\"--awb-bg-size:cover;--awb-width-large:20%;--awb-margin-top-large:20px;--awb-spacing-right-large:9.6%;--awb-margin-bottom-large:20px;--awb-spacing-left-large:9.6%;--awb-width-medium:100%;--awb-order-medium:0;--awb-spacing-right-medium:1.92%;--awb-spacing-left-medium:1.92%;--awb-width-small:100%;--awb-order-small:0;--awb-spacing-right-small:1.92%;--awb-spacing-left-small:1.92%;\"><div class=\"fusion-column-wrapper fusion-column-has-shadow fusion-flex-justify-content-flex-start fusion-content-layout-column\"><\/div><\/div><div class=\"fusion-layout-column fusion_builder_column_inner fusion-builder-nested-column-7 fusion_builder_column_inner_1_5 1_5 fusion-flex-column\" style=\"--awb-bg-size:cover;--awb-width-large:20%;--awb-margin-top-large:0px;--awb-spacing-right-large:9.6%;--awb-margin-bottom-large:20px;--awb-spacing-left-large:9.6%;--awb-width-medium:100%;--awb-order-medium:0;--awb-spacing-right-medium:1.92%;--awb-spacing-left-medium:1.92%;--awb-width-small:100%;--awb-order-small:0;--awb-spacing-right-small:1.92%;--awb-spacing-left-small:1.92%;\"><div class=\"fusion-column-wrapper fusion-column-has-shadow fusion-flex-justify-content-flex-start fusion-content-layout-column\"><\/div><\/div><\/div><\/div><\/div><\/div><\/div>\n","protected":false},"excerpt":{"rendered":"","protected":false},"author":1,"featured_media":0,"parent":0,"menu_order":0,"comment_status":"closed","ping_status":"closed","template":"100-width.php","meta":{"footnotes":""},"class_list":["post-5454","page","type-page","status-publish","hentry"],"_links":{"self":[{"href":"https:\/\/unaprolfranceolive.eu\/fr\/wp-json\/wp\/v2\/pages\/5454","targetHints":{"allow":["GET"]}}],"collection":[{"href":"https:\/\/unaprolfranceolive.eu\/fr\/wp-json\/wp\/v2\/pages"}],"about":[{"href":"https:\/\/unaprolfranceolive.eu\/fr\/wp-json\/wp\/v2\/types\/page"}],"author":[{"embeddable":true,"href":"https:\/\/unaprolfranceolive.eu\/fr\/wp-json\/wp\/v2\/users\/1"}],"replies":[{"embeddable":true,"href":"https:\/\/unaprolfranceolive.eu\/fr\/wp-json\/wp\/v2\/comments?post=5454"}],"version-history":[{"count":24,"href":"https:\/\/unaprolfranceolive.eu\/fr\/wp-json\/wp\/v2\/pages\/5454\/revisions"}],"predecessor-version":[{"id":5678,"href":"https:\/\/unaprolfranceolive.eu\/fr\/wp-json\/wp\/v2\/pages\/5454\/revisions\/5678"}],"wp:attachment":[{"href":"https:\/\/unaprolfranceolive.eu\/fr\/wp-json\/wp\/v2\/media?parent=5454"}],"curies":[{"name":"wp","href":"https:\/\/api.w.org\/{rel}","templated":true}]}}